{"id":38,"date":"2026-03-15T13:27:12","date_gmt":"2026-03-15T16:27:12","guid":{"rendered":"https:\/\/tengeloc.com.br\/?page_id=38"},"modified":"2026-03-27T09:27:29","modified_gmt":"2026-03-27T12:27:29","slug":"projetos","status":"publish","type":"page","link":"https:\/\/tengeloc.com.br\/?page_id=38","title":{"rendered":"Projetos"},"content":{"rendered":"\t\t<div data-elementor-type=\"wp-page\" data-elementor-id=\"38\" class=\"elementor elementor-38\" data-elementor-post-type=\"page\">\n\t\t\t\t<div class=\"elementor-element elementor-element-1239ae6 e-flex e-con-boxed e-con e-parent\" data-id=\"1239ae6\" data-element_type=\"container\" data-e-type=\"container\" data-settings=\"{&quot;background_background&quot;:&quot;classic&quot;}\">\n\t\t\t\t\t<div class=\"e-con-inner\">\n\t\t\t\t<div class=\"elementor-element elementor-element-2b0e07a elementor-invisible elementor-widget elementor-widget-heading\" data-id=\"2b0e07a\" data-element_type=\"widget\" data-e-type=\"widget\" data-settings=\"{&quot;_animation&quot;:&quot;slideInUp&quot;,&quot;_animation_delay&quot;:600}\" data-widget_type=\"heading.default\">\n\t\t\t\t\t<h3 class=\"elementor-heading-title elementor-size-default\">Portf\u00f3lio de Projetos\n<\/h3>\t\t\t\t<\/div>\n\t\t\t\t<div class=\"elementor-element elementor-element-c255020 elementor-widget-tablet__width-initial elementor-widget-mobile__width-inherit elementor-widget__width-initial elementor-widget elementor-widget-text-editor\" data-id=\"c255020\" data-element_type=\"widget\" data-e-type=\"widget\" data-widget_type=\"text-editor.default\">\n\t\t\t\t\t\t\t\t\t<p>Conhe\u00e7a os projetos que desenvolvemos em toda regi\u00e3o. Estruturas met\u00e1licas, andaimes, sistemas de prote\u00e7\u00e3o e equipamentos em opera\u00e7\u00e3o bem-sucedida.<\/p>\t\t\t\t\t\t\t\t<\/div>\n\t\t\t\t\t<\/div>\n\t\t\t\t<\/div>\n\t\t<div class=\"elementor-element elementor-element-06c6172 e-flex e-con-boxed e-con e-parent\" data-id=\"06c6172\" data-element_type=\"container\" data-e-type=\"container\">\n\t\t\t\t\t<div class=\"e-con-inner\">\n\t\t\t\t<div class=\"elementor-element elementor-element-77d69ec elementor-widget elementor-widget-gallery\" data-id=\"77d69ec\" data-element_type=\"widget\" data-e-type=\"widget\" data-settings=\"{&quot;gap&quot;:{&quot;unit&quot;:&quot;px&quot;,&quot;size&quot;:24,&quot;sizes&quot;:[]},&quot;aspect_ratio&quot;:&quot;1:1&quot;,&quot;lazyload&quot;:&quot;yes&quot;,&quot;gallery_layout&quot;:&quot;grid&quot;,&quot;columns&quot;:4,&quot;columns_tablet&quot;:2,&quot;columns_mobile&quot;:1,&quot;gap_tablet&quot;:{&quot;unit&quot;:&quot;px&quot;,&quot;size&quot;:10,&quot;sizes&quot;:[]},&quot;gap_mobile&quot;:{&quot;unit&quot;:&quot;px&quot;,&quot;size&quot;:10,&quot;sizes&quot;:[]},&quot;link_to&quot;:&quot;file&quot;,&quot;overlay_background&quot;:&quot;yes&quot;,&quot;content_hover_animation&quot;:&quot;fade-in&quot;}\" data-widget_type=\"gallery.default\">\n\t\t\t\t\t\t\t<div class=\"elementor-gallery__container\">\n\t\t\t\t\t\t\t<a class=\"e-gallery-item elementor-gallery-item elementor-animated-content\" href=\"https:\/\/tengeloc.com.br\/wp-content\/uploads\/2026\/03\/27.jpg\" data-elementor-open-lightbox=\"yes\" data-elementor-lightbox-slideshow=\"77d69ec\" data-elementor-lightbox-title=\"27\" data-e-action-hash=\"#elementor-action%3Aaction%3Dlightbox%26settings%3DeyJpZCI6MjI2LCJ1cmwiOiJodHRwczpcL1wvdGVuZ2Vsb2MuY29tLmJyXC93cC1jb250ZW50XC91cGxvYWRzXC8yMDI2XC8wM1wvMjcuanBnIiwic2xpZGVzaG93IjoiNzdkNjllYyJ9\">\n\t\t\t\t\t<div class=\"e-gallery-image elementor-gallery-item__image\" data-thumbnail=\"https:\/\/tengeloc.com.br\/wp-content\/uploads\/2026\/03\/27-300x225.jpg\" data-width=\"300\" data-height=\"225\" aria-label=\"\" role=\"img\" ><\/div>\n\t\t\t\t\t\t\t\t\t\t\t<div class=\"elementor-gallery-item__overlay\"><\/div>\n\t\t\t\t\t\t\t\t\t\t\t\t\t\t<\/a>\n\t\t\t\t\t\t\t<a class=\"e-gallery-item elementor-gallery-item elementor-animated-content\" href=\"https:\/\/tengeloc.com.br\/wp-content\/uploads\/2026\/03\/65.jpg\" data-elementor-open-lightbox=\"yes\" data-elementor-lightbox-slideshow=\"77d69ec\" data-elementor-lightbox-title=\"65\" data-e-action-hash=\"#elementor-action%3Aaction%3Dlightbox%26settings%3DeyJpZCI6MjMzLCJ1cmwiOiJodHRwczpcL1wvdGVuZ2Vsb2MuY29tLmJyXC93cC1jb250ZW50XC91cGxvYWRzXC8yMDI2XC8wM1wvNjUuanBnIiwic2xpZGVzaG93IjoiNzdkNjllYyJ9\">\n\t\t\t\t\t<div class=\"e-gallery-image elementor-gallery-item__image\" data-thumbnail=\"https:\/\/tengeloc.com.br\/wp-content\/uploads\/2026\/03\/65-300x225.jpg\" data-width=\"300\" data-height=\"225\" aria-label=\"\" role=\"img\" ><\/div>\n\t\t\t\t\t\t\t\t\t\t\t<div class=\"elementor-gallery-item__overlay\"><\/div>\n\t\t\t\t\t\t\t\t\t\t\t\t\t\t<\/a>\n\t\t\t\t\t\t\t<a class=\"e-gallery-item elementor-gallery-item elementor-animated-content\" href=\"https:\/\/tengeloc.com.br\/wp-content\/uploads\/2026\/03\/69.jpg\" data-elementor-open-lightbox=\"yes\" data-elementor-lightbox-slideshow=\"77d69ec\" data-elementor-lightbox-title=\"69\" data-e-action-hash=\"#elementor-action%3Aaction%3Dlightbox%26settings%3DeyJpZCI6MjM1LCJ1cmwiOiJodHRwczpcL1wvdGVuZ2Vsb2MuY29tLmJyXC93cC1jb250ZW50XC91cGxvYWRzXC8yMDI2XC8wM1wvNjkuanBnIiwic2xpZGVzaG93IjoiNzdkNjllYyJ9\">\n\t\t\t\t\t<div class=\"e-gallery-image elementor-gallery-item__image\" data-thumbnail=\"https:\/\/tengeloc.com.br\/wp-content\/uploads\/2026\/03\/69-225x300.jpg\" data-width=\"225\" data-height=\"300\" aria-label=\"\" role=\"img\" ><\/div>\n\t\t\t\t\t\t\t\t\t\t\t<div class=\"elementor-gallery-item__overlay\"><\/div>\n\t\t\t\t\t\t\t\t\t\t\t\t\t\t<\/a>\n\t\t\t\t\t\t\t<a class=\"e-gallery-item elementor-gallery-item elementor-animated-content\" href=\"https:\/\/tengeloc.com.br\/wp-content\/uploads\/2026\/03\/63.jpg\" data-elementor-open-lightbox=\"yes\" data-elementor-lightbox-slideshow=\"77d69ec\" data-elementor-lightbox-title=\"63\" data-e-action-hash=\"#elementor-action%3Aaction%3Dlightbox%26settings%3DeyJpZCI6MjMwLCJ1cmwiOiJodHRwczpcL1wvdGVuZ2Vsb2MuY29tLmJyXC93cC1jb250ZW50XC91cGxvYWRzXC8yMDI2XC8wM1wvNjMuanBnIiwic2xpZGVzaG93IjoiNzdkNjllYyJ9\">\n\t\t\t\t\t<div class=\"e-gallery-image elementor-gallery-item__image\" data-thumbnail=\"https:\/\/tengeloc.com.br\/wp-content\/uploads\/2026\/03\/63-300x225.jpg\" data-width=\"300\" data-height=\"225\" aria-label=\"\" role=\"img\" ><\/div>\n\t\t\t\t\t\t\t\t\t\t\t<div class=\"elementor-gallery-item__overlay\"><\/div>\n\t\t\t\t\t\t\t\t\t\t\t\t\t\t<\/a>\n\t\t\t\t\t\t\t<a class=\"e-gallery-item elementor-gallery-item elementor-animated-content\" href=\"https:\/\/tengeloc.com.br\/wp-content\/uploads\/2026\/03\/26.jpg\" data-elementor-open-lightbox=\"yes\" data-elementor-lightbox-slideshow=\"77d69ec\" data-elementor-lightbox-title=\"26\" data-e-action-hash=\"#elementor-action%3Aaction%3Dlightbox%26settings%3DeyJpZCI6MjI1LCJ1cmwiOiJodHRwczpcL1wvdGVuZ2Vsb2MuY29tLmJyXC93cC1jb250ZW50XC91cGxvYWRzXC8yMDI2XC8wM1wvMjYuanBnIiwic2xpZGVzaG93IjoiNzdkNjllYyJ9\">\n\t\t\t\t\t<div class=\"e-gallery-image elementor-gallery-item__image\" data-thumbnail=\"https:\/\/tengeloc.com.br\/wp-content\/uploads\/2026\/03\/26-225x300.jpg\" data-width=\"225\" data-height=\"300\" aria-label=\"\" role=\"img\" ><\/div>\n\t\t\t\t\t\t\t\t\t\t\t<div class=\"elementor-gallery-item__overlay\"><\/div>\n\t\t\t\t\t\t\t\t\t\t\t\t\t\t<\/a>\n\t\t\t\t\t\t\t<a class=\"e-gallery-item elementor-gallery-item elementor-animated-content\" href=\"https:\/\/tengeloc.com.br\/wp-content\/uploads\/2026\/03\/5-1.jpg\" data-elementor-open-lightbox=\"yes\" data-elementor-lightbox-slideshow=\"77d69ec\" data-elementor-lightbox-title=\"5\" data-e-action-hash=\"#elementor-action%3Aaction%3Dlightbox%26settings%3DeyJpZCI6MjE5LCJ1cmwiOiJodHRwczpcL1wvdGVuZ2Vsb2MuY29tLmJyXC93cC1jb250ZW50XC91cGxvYWRzXC8yMDI2XC8wM1wvNS0xLmpwZyIsInNsaWRlc2hvdyI6Ijc3ZDY5ZWMifQ%3D%3D\">\n\t\t\t\t\t<div class=\"e-gallery-image elementor-gallery-item__image\" data-thumbnail=\"https:\/\/tengeloc.com.br\/wp-content\/uploads\/2026\/03\/5-1-300x212.jpg\" data-width=\"300\" data-height=\"212\" aria-label=\"\" role=\"img\" ><\/div>\n\t\t\t\t\t\t\t\t\t\t\t<div class=\"elementor-gallery-item__overlay\"><\/div>\n\t\t\t\t\t\t\t\t\t\t\t\t\t\t<\/a>\n\t\t\t\t\t\t\t<a class=\"e-gallery-item elementor-gallery-item elementor-animated-content\" href=\"https:\/\/tengeloc.com.br\/wp-content\/uploads\/2026\/03\/62.jpg\" data-elementor-open-lightbox=\"yes\" data-elementor-lightbox-slideshow=\"77d69ec\" data-elementor-lightbox-title=\"62\" data-e-action-hash=\"#elementor-action%3Aaction%3Dlightbox%26settings%3DeyJpZCI6MjI5LCJ1cmwiOiJodHRwczpcL1wvdGVuZ2Vsb2MuY29tLmJyXC93cC1jb250ZW50XC91cGxvYWRzXC8yMDI2XC8wM1wvNjIuanBnIiwic2xpZGVzaG93IjoiNzdkNjllYyJ9\">\n\t\t\t\t\t<div class=\"e-gallery-image elementor-gallery-item__image\" data-thumbnail=\"https:\/\/tengeloc.com.br\/wp-content\/uploads\/2026\/03\/62-225x300.jpg\" data-width=\"225\" data-height=\"300\" aria-label=\"\" role=\"img\" ><\/div>\n\t\t\t\t\t\t\t\t\t\t\t<div class=\"elementor-gallery-item__overlay\"><\/div>\n\t\t\t\t\t\t\t\t\t\t\t\t\t\t<\/a>\n\t\t\t\t\t\t\t<a class=\"e-gallery-item elementor-gallery-item elementor-animated-content\" href=\"https:\/\/tengeloc.com.br\/wp-content\/uploads\/2026\/03\/4-1.jpg\" data-elementor-open-lightbox=\"yes\" data-elementor-lightbox-slideshow=\"77d69ec\" data-elementor-lightbox-title=\"4\" data-e-action-hash=\"#elementor-action%3Aaction%3Dlightbox%26settings%3DeyJpZCI6MjE4LCJ1cmwiOiJodHRwczpcL1wvdGVuZ2Vsb2MuY29tLmJyXC93cC1jb250ZW50XC91cGxvYWRzXC8yMDI2XC8wM1wvNC0xLmpwZyIsInNsaWRlc2hvdyI6Ijc3ZDY5ZWMifQ%3D%3D\">\n\t\t\t\t\t<div class=\"e-gallery-image elementor-gallery-item__image\" data-thumbnail=\"https:\/\/tengeloc.com.br\/wp-content\/uploads\/2026\/03\/4-1-169x300.jpg\" data-width=\"169\" data-height=\"300\" aria-label=\"\" role=\"img\" ><\/div>\n\t\t\t\t\t\t\t\t\t\t\t<div class=\"elementor-gallery-item__overlay\"><\/div>\n\t\t\t\t\t\t\t\t\t\t\t\t\t\t<\/a>\n\t\t\t\t\t\t\t<a class=\"e-gallery-item elementor-gallery-item elementor-animated-content\" href=\"https:\/\/tengeloc.com.br\/wp-content\/uploads\/2026\/03\/70.jpg\" data-elementor-open-lightbox=\"yes\" data-elementor-lightbox-slideshow=\"77d69ec\" data-elementor-lightbox-title=\"70\" data-e-action-hash=\"#elementor-action%3Aaction%3Dlightbox%26settings%3DeyJpZCI6MjM2LCJ1cmwiOiJodHRwczpcL1wvdGVuZ2Vsb2MuY29tLmJyXC93cC1jb250ZW50XC91cGxvYWRzXC8yMDI2XC8wM1wvNzAuanBnIiwic2xpZGVzaG93IjoiNzdkNjllYyJ9\">\n\t\t\t\t\t<div class=\"e-gallery-image elementor-gallery-item__image\" data-thumbnail=\"https:\/\/tengeloc.com.br\/wp-content\/uploads\/2026\/03\/70-225x300.jpg\" data-width=\"225\" data-height=\"300\" aria-label=\"\" role=\"img\" ><\/div>\n\t\t\t\t\t\t\t\t\t\t\t<div class=\"elementor-gallery-item__overlay\"><\/div>\n\t\t\t\t\t\t\t\t\t\t\t\t\t\t<\/a>\n\t\t\t\t\t\t\t<a class=\"e-gallery-item elementor-gallery-item elementor-animated-content\" href=\"https:\/\/tengeloc.com.br\/wp-content\/uploads\/2026\/03\/61.jpg\" data-elementor-open-lightbox=\"yes\" data-elementor-lightbox-slideshow=\"77d69ec\" data-elementor-lightbox-title=\"61\" data-e-action-hash=\"#elementor-action%3Aaction%3Dlightbox%26settings%3DeyJpZCI6MjI4LCJ1cmwiOiJodHRwczpcL1wvdGVuZ2Vsb2MuY29tLmJyXC93cC1jb250ZW50XC91cGxvYWRzXC8yMDI2XC8wM1wvNjEuanBnIiwic2xpZGVzaG93IjoiNzdkNjllYyJ9\">\n\t\t\t\t\t<div class=\"e-gallery-image elementor-gallery-item__image\" data-thumbnail=\"https:\/\/tengeloc.com.br\/wp-content\/uploads\/2026\/03\/61-300x225.jpg\" data-width=\"300\" data-height=\"225\" aria-label=\"\" role=\"img\" ><\/div>\n\t\t\t\t\t\t\t\t\t\t\t<div class=\"elementor-gallery-item__overlay\"><\/div>\n\t\t\t\t\t\t\t\t\t\t\t\t\t\t<\/a>\n\t\t\t\t\t\t\t<a class=\"e-gallery-item elementor-gallery-item elementor-animated-content\" href=\"https:\/\/tengeloc.com.br\/wp-content\/uploads\/2026\/03\/20.jpg\" data-elementor-open-lightbox=\"yes\" data-elementor-lightbox-slideshow=\"77d69ec\" data-elementor-lightbox-title=\"20\" data-e-action-hash=\"#elementor-action%3Aaction%3Dlightbox%26settings%3DeyJpZCI6MjIyLCJ1cmwiOiJodHRwczpcL1wvdGVuZ2Vsb2MuY29tLmJyXC93cC1jb250ZW50XC91cGxvYWRzXC8yMDI2XC8wM1wvMjAuanBnIiwic2xpZGVzaG93IjoiNzdkNjllYyJ9\">\n\t\t\t\t\t<div class=\"e-gallery-image elementor-gallery-item__image\" data-thumbnail=\"https:\/\/tengeloc.com.br\/wp-content\/uploads\/2026\/03\/20-300x225.jpg\" data-width=\"300\" data-height=\"225\" aria-label=\"\" role=\"img\" ><\/div>\n\t\t\t\t\t\t\t\t\t\t\t<div class=\"elementor-gallery-item__overlay\"><\/div>\n\t\t\t\t\t\t\t\t\t\t\t\t\t\t<\/a>\n\t\t\t\t\t\t\t<a class=\"e-gallery-item elementor-gallery-item elementor-animated-content\" href=\"https:\/\/tengeloc.com.br\/wp-content\/uploads\/2026\/03\/71.jpg\" data-elementor-open-lightbox=\"yes\" data-elementor-lightbox-slideshow=\"77d69ec\" data-elementor-lightbox-title=\"71\" data-e-action-hash=\"#elementor-action%3Aaction%3Dlightbox%26settings%3DeyJpZCI6MjM3LCJ1cmwiOiJodHRwczpcL1wvdGVuZ2Vsb2MuY29tLmJyXC93cC1jb250ZW50XC91cGxvYWRzXC8yMDI2XC8wM1wvNzEuanBnIiwic2xpZGVzaG93IjoiNzdkNjllYyJ9\">\n\t\t\t\t\t<div class=\"e-gallery-image elementor-gallery-item__image\" data-thumbnail=\"https:\/\/tengeloc.com.br\/wp-content\/uploads\/2026\/03\/71-225x300.jpg\" data-width=\"225\" data-height=\"300\" aria-label=\"\" role=\"img\" ><\/div>\n\t\t\t\t\t\t\t\t\t\t\t<div class=\"elementor-gallery-item__overlay\"><\/div>\n\t\t\t\t\t\t\t\t\t\t\t\t\t\t<\/a>\n\t\t\t\t\t\t\t<a class=\"e-gallery-item elementor-gallery-item elementor-animated-content\" href=\"https:\/\/tengeloc.com.br\/wp-content\/uploads\/2026\/03\/3.jpg\" data-elementor-open-lightbox=\"yes\" data-elementor-lightbox-slideshow=\"77d69ec\" data-elementor-lightbox-title=\"3\" data-e-action-hash=\"#elementor-action%3Aaction%3Dlightbox%26settings%3DeyJpZCI6MjE3LCJ1cmwiOiJodHRwczpcL1wvdGVuZ2Vsb2MuY29tLmJyXC93cC1jb250ZW50XC91cGxvYWRzXC8yMDI2XC8wM1wvMy5qcGciLCJzbGlkZXNob3ciOiI3N2Q2OWVjIn0%3D\">\n\t\t\t\t\t<div class=\"e-gallery-image elementor-gallery-item__image\" data-thumbnail=\"https:\/\/tengeloc.com.br\/wp-content\/uploads\/2026\/03\/3-169x300.jpg\" data-width=\"169\" data-height=\"300\" aria-label=\"\" role=\"img\" ><\/div>\n\t\t\t\t\t\t\t\t\t\t\t<div class=\"elementor-gallery-item__overlay\"><\/div>\n\t\t\t\t\t\t\t\t\t\t\t\t\t\t<\/a>\n\t\t\t\t\t\t\t<a class=\"e-gallery-item elementor-gallery-item elementor-animated-content\" href=\"https:\/\/tengeloc.com.br\/wp-content\/uploads\/2026\/03\/11.jpg\" data-elementor-open-lightbox=\"yes\" data-elementor-lightbox-slideshow=\"77d69ec\" data-elementor-lightbox-title=\"11\" data-e-action-hash=\"#elementor-action%3Aaction%3Dlightbox%26settings%3DeyJpZCI6MjIwLCJ1cmwiOiJodHRwczpcL1wvdGVuZ2Vsb2MuY29tLmJyXC93cC1jb250ZW50XC91cGxvYWRzXC8yMDI2XC8wM1wvMTEuanBnIiwic2xpZGVzaG93IjoiNzdkNjllYyJ9\">\n\t\t\t\t\t<div class=\"e-gallery-image elementor-gallery-item__image\" data-thumbnail=\"https:\/\/tengeloc.com.br\/wp-content\/uploads\/2026\/03\/11-225x300.jpg\" data-width=\"225\" data-height=\"300\" aria-label=\"\" role=\"img\" ><\/div>\n\t\t\t\t\t\t\t\t\t\t\t<div class=\"elementor-gallery-item__overlay\"><\/div>\n\t\t\t\t\t\t\t\t\t\t\t\t\t\t<\/a>\n\t\t\t\t\t\t\t<a class=\"e-gallery-item elementor-gallery-item elementor-animated-content\" href=\"https:\/\/tengeloc.com.br\/wp-content\/uploads\/2026\/03\/64.jpg\" data-elementor-open-lightbox=\"yes\" data-elementor-lightbox-slideshow=\"77d69ec\" data-elementor-lightbox-title=\"64\" data-e-action-hash=\"#elementor-action%3Aaction%3Dlightbox%26settings%3DeyJpZCI6MjMxLCJ1cmwiOiJodHRwczpcL1wvdGVuZ2Vsb2MuY29tLmJyXC93cC1jb250ZW50XC91cGxvYWRzXC8yMDI2XC8wM1wvNjQuanBnIiwic2xpZGVzaG93IjoiNzdkNjllYyJ9\">\n\t\t\t\t\t<div class=\"e-gallery-image elementor-gallery-item__image\" data-thumbnail=\"https:\/\/tengeloc.com.br\/wp-content\/uploads\/2026\/03\/64-300x225.jpg\" data-width=\"300\" data-height=\"225\" aria-label=\"\" role=\"img\" ><\/div>\n\t\t\t\t\t\t\t\t\t\t\t<div class=\"elementor-gallery-item__overlay\"><\/div>\n\t\t\t\t\t\t\t\t\t\t\t\t\t\t<\/a>\n\t\t\t\t\t\t\t<a class=\"e-gallery-item elementor-gallery-item elementor-animated-content\" href=\"https:\/\/tengeloc.com.br\/wp-content\/uploads\/2026\/03\/12.jpg\" data-elementor-open-lightbox=\"yes\" data-elementor-lightbox-slideshow=\"77d69ec\" data-elementor-lightbox-title=\"12\" data-e-action-hash=\"#elementor-action%3Aaction%3Dlightbox%26settings%3DeyJpZCI6MjIxLCJ1cmwiOiJodHRwczpcL1wvdGVuZ2Vsb2MuY29tLmJyXC93cC1jb250ZW50XC91cGxvYWRzXC8yMDI2XC8wM1wvMTIuanBnIiwic2xpZGVzaG93IjoiNzdkNjllYyJ9\">\n\t\t\t\t\t<div class=\"e-gallery-image elementor-gallery-item__image\" data-thumbnail=\"https:\/\/tengeloc.com.br\/wp-content\/uploads\/2026\/03\/12-225x300.jpg\" data-width=\"225\" data-height=\"300\" aria-label=\"\" role=\"img\" ><\/div>\n\t\t\t\t\t\t\t\t\t\t\t<div class=\"elementor-gallery-item__overlay\"><\/div>\n\t\t\t\t\t\t\t\t\t\t\t\t\t\t<\/a>\n\t\t\t\t\t\t\t<a class=\"e-gallery-item elementor-gallery-item elementor-animated-content\" href=\"https:\/\/tengeloc.com.br\/wp-content\/uploads\/2026\/03\/67.jpg\" data-elementor-open-lightbox=\"yes\" data-elementor-lightbox-slideshow=\"77d69ec\" data-elementor-lightbox-title=\"67\" data-e-action-hash=\"#elementor-action%3Aaction%3Dlightbox%26settings%3DeyJpZCI6MjM0LCJ1cmwiOiJodHRwczpcL1wvdGVuZ2Vsb2MuY29tLmJyXC93cC1jb250ZW50XC91cGxvYWRzXC8yMDI2XC8wM1wvNjcuanBnIiwic2xpZGVzaG93IjoiNzdkNjllYyJ9\">\n\t\t\t\t\t<div class=\"e-gallery-image elementor-gallery-item__image\" data-thumbnail=\"https:\/\/tengeloc.com.br\/wp-content\/uploads\/2026\/03\/67-225x300.jpg\" data-width=\"225\" data-height=\"300\" aria-label=\"\" role=\"img\" ><\/div>\n\t\t\t\t\t\t\t\t\t\t\t<div class=\"elementor-gallery-item__overlay\"><\/div>\n\t\t\t\t\t\t\t\t\t\t\t\t\t\t<\/a>\n\t\t\t\t\t\t\t<a class=\"e-gallery-item elementor-gallery-item elementor-animated-content\" href=\"https:\/\/tengeloc.com.br\/wp-content\/uploads\/2026\/03\/30-1.jpg\" data-elementor-open-lightbox=\"yes\" data-elementor-lightbox-slideshow=\"77d69ec\" data-elementor-lightbox-title=\"30\" data-e-action-hash=\"#elementor-action%3Aaction%3Dlightbox%26settings%3DeyJpZCI6MjI3LCJ1cmwiOiJodHRwczpcL1wvdGVuZ2Vsb2MuY29tLmJyXC93cC1jb250ZW50XC91cGxvYWRzXC8yMDI2XC8wM1wvMzAtMS5qcGciLCJzbGlkZXNob3ciOiI3N2Q2OWVjIn0%3D\">\n\t\t\t\t\t<div class=\"e-gallery-image elementor-gallery-item__image\" data-thumbnail=\"https:\/\/tengeloc.com.br\/wp-content\/uploads\/2026\/03\/30-1-300x225.jpg\" data-width=\"300\" data-height=\"225\" aria-label=\"\" role=\"img\" ><\/div>\n\t\t\t\t\t\t\t\t\t\t\t<div class=\"elementor-gallery-item__overlay\"><\/div>\n\t\t\t\t\t\t\t\t\t\t\t\t\t\t<\/a>\n\t\t\t\t\t\t\t<a class=\"e-gallery-item elementor-gallery-item elementor-animated-content\" href=\"https:\/\/tengeloc.com.br\/wp-content\/uploads\/2026\/03\/2-3.jpg\" data-elementor-open-lightbox=\"yes\" data-elementor-lightbox-slideshow=\"77d69ec\" data-elementor-lightbox-title=\"2\" data-e-action-hash=\"#elementor-action%3Aaction%3Dlightbox%26settings%3DeyJpZCI6MjE2LCJ1cmwiOiJodHRwczpcL1wvdGVuZ2Vsb2MuY29tLmJyXC93cC1jb250ZW50XC91cGxvYWRzXC8yMDI2XC8wM1wvMi0zLmpwZyIsInNsaWRlc2hvdyI6Ijc3ZDY5ZWMifQ%3D%3D\">\n\t\t\t\t\t<div class=\"e-gallery-image elementor-gallery-item__image\" data-thumbnail=\"https:\/\/tengeloc.com.br\/wp-content\/uploads\/2026\/03\/2-3-300x300.jpg\" data-width=\"300\" data-height=\"300\" aria-label=\"\" role=\"img\" ><\/div>\n\t\t\t\t\t\t\t\t\t\t\t<div class=\"elementor-gallery-item__overlay\"><\/div>\n\t\t\t\t\t\t\t\t\t\t\t\t\t\t<\/a>\n\t\t\t\t\t\t\t<a class=\"e-gallery-item elementor-gallery-item elementor-animated-content\" href=\"https:\/\/tengeloc.com.br\/wp-content\/uploads\/2026\/03\/24.jpg\" data-elementor-open-lightbox=\"yes\" data-elementor-lightbox-slideshow=\"77d69ec\" data-elementor-lightbox-title=\"24\" data-e-action-hash=\"#elementor-action%3Aaction%3Dlightbox%26settings%3DeyJpZCI6MjIzLCJ1cmwiOiJodHRwczpcL1wvdGVuZ2Vsb2MuY29tLmJyXC93cC1jb250ZW50XC91cGxvYWRzXC8yMDI2XC8wM1wvMjQuanBnIiwic2xpZGVzaG93IjoiNzdkNjllYyJ9\">\n\t\t\t\t\t<div class=\"e-gallery-image elementor-gallery-item__image\" data-thumbnail=\"https:\/\/tengeloc.com.br\/wp-content\/uploads\/2026\/03\/24-225x300.jpg\" data-width=\"225\" data-height=\"300\" aria-label=\"\" role=\"img\" ><\/div>\n\t\t\t\t\t\t\t\t\t\t\t<div class=\"elementor-gallery-item__overlay\"><\/div>\n\t\t\t\t\t\t\t\t\t\t\t\t\t\t<\/a>\n\t\t\t\t\t\t\t<a class=\"e-gallery-item elementor-gallery-item elementor-animated-content\" href=\"https:\/\/tengeloc.com.br\/wp-content\/uploads\/2026\/03\/72.jpg\" data-elementor-open-lightbox=\"yes\" data-elementor-lightbox-slideshow=\"77d69ec\" data-elementor-lightbox-title=\"72\" data-e-action-hash=\"#elementor-action%3Aaction%3Dlightbox%26settings%3DeyJpZCI6MjM4LCJ1cmwiOiJodHRwczpcL1wvdGVuZ2Vsb2MuY29tLmJyXC93cC1jb250ZW50XC91cGxvYWRzXC8yMDI2XC8wM1wvNzIuanBnIiwic2xpZGVzaG93IjoiNzdkNjllYyJ9\">\n\t\t\t\t\t<div class=\"e-gallery-image elementor-gallery-item__image\" data-thumbnail=\"https:\/\/tengeloc.com.br\/wp-content\/uploads\/2026\/03\/72-225x300.jpg\" data-width=\"225\" data-height=\"300\" aria-label=\"\" role=\"img\" ><\/div>\n\t\t\t\t\t\t\t\t\t\t\t<div class=\"elementor-gallery-item__overlay\"><\/div>\n\t\t\t\t\t\t\t\t\t\t\t\t\t\t<\/a>\n\t\t\t\t\t\t\t<a class=\"e-gallery-item elementor-gallery-item elementor-animated-content\" href=\"https:\/\/tengeloc.com.br\/wp-content\/uploads\/2026\/03\/25.jpg\" data-elementor-open-lightbox=\"yes\" data-elementor-lightbox-slideshow=\"77d69ec\" data-elementor-lightbox-title=\"25\" data-e-action-hash=\"#elementor-action%3Aaction%3Dlightbox%26settings%3DeyJpZCI6MjI0LCJ1cmwiOiJodHRwczpcL1wvdGVuZ2Vsb2MuY29tLmJyXC93cC1jb250ZW50XC91cGxvYWRzXC8yMDI2XC8wM1wvMjUuanBnIiwic2xpZGVzaG93IjoiNzdkNjllYyJ9\">\n\t\t\t\t\t<div class=\"e-gallery-image elementor-gallery-item__image\" data-thumbnail=\"https:\/\/tengeloc.com.br\/wp-content\/uploads\/2026\/03\/25-225x300.jpg\" data-width=\"225\" data-height=\"300\" aria-label=\"\" role=\"img\" ><\/div>\n\t\t\t\t\t\t\t\t\t\t\t<div class=\"elementor-gallery-item__overlay\"><\/div>\n\t\t\t\t\t\t\t\t\t\t\t\t\t\t<\/a>\n\t\t\t\t\t\t\t<a class=\"e-gallery-item elementor-gallery-item elementor-animated-content\" href=\"https:\/\/tengeloc.com.br\/wp-content\/uploads\/2026\/03\/1.jpg\" data-elementor-open-lightbox=\"yes\" data-elementor-lightbox-slideshow=\"77d69ec\" data-elementor-lightbox-title=\"1\" data-e-action-hash=\"#elementor-action%3Aaction%3Dlightbox%26settings%3DeyJpZCI6MjE1LCJ1cmwiOiJodHRwczpcL1wvdGVuZ2Vsb2MuY29tLmJyXC93cC1jb250ZW50XC91cGxvYWRzXC8yMDI2XC8wM1wvMS5qcGciLCJzbGlkZXNob3ciOiI3N2Q2OWVjIn0%3D\">\n\t\t\t\t\t<div class=\"e-gallery-image elementor-gallery-item__image\" data-thumbnail=\"https:\/\/tengeloc.com.br\/wp-content\/uploads\/2026\/03\/1-300x114.jpg\" data-width=\"300\" data-height=\"114\" aria-label=\"\" role=\"img\" ><\/div>\n\t\t\t\t\t\t\t\t\t\t\t<div class=\"elementor-gallery-item__overlay\"><\/div>\n\t\t\t\t\t\t\t\t\t\t\t\t\t\t<\/a>\n\t\t\t\t\t<\/div>\n\t\t\t\t\t<\/div>\n\t\t\t\t\t<\/div>\n\t\t\t\t<\/div>\n\t\t\t\t<\/div>\n\t\t","protected":false},"excerpt":{"rendered":"<p>Portf\u00f3lio de Projetos Conhe\u00e7a os projetos que desenvolvemos em toda regi\u00e3o. Estruturas met\u00e1licas, andaimes, sistemas de prote\u00e7\u00e3o e equipamentos em opera\u00e7\u00e3o bem-sucedida.<\/p>\n","protected":false},"author":1,"featured_media":0,"parent":0,"menu_order":0,"comment_status":"closed","ping_status":"closed","template":"","meta":{"footnotes":""},"class_list":["post-38","page","type-page","status-publish","hentry"],"_links":{"self":[{"href":"https:\/\/tengeloc.com.br\/index.php?rest_route=\/wp\/v2\/pages\/38","targetHints":{"allow":["GET"]}}],"collection":[{"href":"https:\/\/tengeloc.com.br\/index.php?rest_route=\/wp\/v2\/pages"}],"about":[{"href":"https:\/\/tengeloc.com.br\/index.php?rest_route=\/wp\/v2\/types\/page"}],"author":[{"embeddable":true,"href":"https:\/\/tengeloc.com.br\/index.php?rest_route=\/wp\/v2\/users\/1"}],"replies":[{"embeddable":true,"href":"https:\/\/tengeloc.com.br\/index.php?rest_route=%2Fwp%2Fv2%2Fcomments&post=38"}],"version-history":[{"count":4,"href":"https:\/\/tengeloc.com.br\/index.php?rest_route=\/wp\/v2\/pages\/38\/revisions"}],"predecessor-version":[{"id":241,"href":"https:\/\/tengeloc.com.br\/index.php?rest_route=\/wp\/v2\/pages\/38\/revisions\/241"}],"wp:attachment":[{"href":"https:\/\/tengeloc.com.br\/index.php?rest_route=%2Fwp%2Fv2%2Fmedia&parent=38"}],"curies":[{"name":"wp","href":"https:\/\/api.w.org\/{rel}","templated":true}]}}